{"id":1889,"date":"2022-11-23T14:02:12","date_gmt":"2022-11-23T14:02:12","guid":{"rendered":"https:\/\/harmonie-mediation-animale.fr\/?page_id=1889"},"modified":"2022-12-09T18:42:53","modified_gmt":"2022-12-09T17:42:53","slug":"nos-services","status":"publish","type":"page","link":"https:\/\/www.harmonie-mediation-animale.fr\/?page_id=1889","title":{"rendered":"Notre d\u00e9marche"},"content":{"rendered":"\t\t<div data-elementor-type=\"wp-page\" data-elementor-id=\"1889\" class=\"elementor elementor-1889\">\n\t\t\t\t\t\t\t\t\t<section class=\"elementor-section elementor-top-section elementor-element elementor-element-2be27c0 elementor-section-boxed elementor-section-height-default elementor-section-height-default\" data-id=\"2be27c0\" data-element_type=\"section\">\n\t\t\t\t\t\t<div class=\"elementor-container elementor-column-gap-default\">\n\t\t\t\t\t<div class=\"elementor-column elementor-col-100 elementor-top-column elementor-element elementor-element-e05154f\" data-id=\"e05154f\" data-element_type=\"column\">\n\t\t\t<div class=\"elementor-widget-wrap elementor-element-populated\">\n\t\t\t\t\t\t\t\t<div class=\"elementor-element elementor-element-906baad elementor-widget elementor-widget-image\" data-id=\"906baad\" data-element_type=\"widget\" data-widget_type=\"image.default\">\n\t\t\t\t<div class=\"elementor-widget-container\">\n\t\t\t<style>\/*! elementor - v3.8.1 - 13-11-2022 *\/\n.elementor-widget-image{text-align:center}.elementor-widget-image a{display:inline-block}.elementor-widget-image a img[src$=\".svg\"]{width:48px}.elementor-widget-image img{vertical-align:middle;display:inline-block}<\/style>\t\t\t\t\t\t\t\t\t\t\t\t<img decoding=\"async\" width=\"612\" height=\"408\" src=\"https:\/\/www.harmonie-mediation-animale.fr\/wp-content\/uploads\/2022\/11\/mains-pattes-chien.jpg\" class=\"attachment-medium_large size-medium_large\" alt=\"\" loading=\"lazy\" srcset=\"https:\/\/www.harmonie-mediation-animale.fr\/wp-content\/uploads\/2022\/11\/mains-pattes-chien.jpg 612w, https:\/\/www.harmonie-mediation-animale.fr\/wp-content\/uploads\/2022\/11\/mains-pattes-chien-300x200.jpg 300w\" sizes=\"(max-width: 612px) 100vw, 612px\" \/>\t\t\t\t\t\t\t\t\t\t\t\t\t\t\t<\/div>\n\t\t\t\t<\/div>\n\t\t\t\t<div class=\"elementor-element elementor-element-ce8275b elementor-widget elementor-widget-spacer\" data-id=\"ce8275b\" data-element_type=\"widget\" data-widget_type=\"spacer.default\">\n\t\t\t\t<div class=\"elementor-widget-container\">\n\t\t\t<style>\/*! elementor - v3.8.1 - 13-11-2022 *\/\n.elementor-column .elementor-spacer-inner{height:var(--spacer-size)}.e-con{--container-widget-width:100%}.e-con-inner>.elementor-widget-spacer,.e-con>.elementor-widget-spacer{width:var(--container-widget-width,var(--spacer-size));-ms-flex-item-align:stretch;align-self:stretch;-ms-flex-negative:0;flex-shrink:0}.e-con-inner>.elementor-widget-spacer>.elementor-widget-container,.e-con-inner>.elementor-widget-spacer>.elementor-widget-container>.elementor-spacer,.e-con>.elementor-widget-spacer>.elementor-widget-container,.e-con>.elementor-widget-spacer>.elementor-widget-container>.elementor-spacer{height:100%}.e-con-inner>.elementor-widget-spacer>.elementor-widget-container>.elementor-spacer>.elementor-spacer-inner,.e-con>.elementor-widget-spacer>.elementor-widget-container>.elementor-spacer>.elementor-spacer-inner{height:var(--container-widget-height,var(--spacer-size))}<\/style>\t\t<div class=\"elementor-spacer\">\n\t\t\t<div class=\"elementor-spacer-inner\"><\/div>\n\t\t<\/div>\n\t\t\t\t<\/div>\n\t\t\t\t<\/div>\n\t\t\t\t\t<\/div>\n\t\t<\/div>\n\t\t\t\t\t\t\t<\/div>\n\t\t<\/section>\n\t\t\t\t<section class=\"elementor-section elementor-top-section elementor-element elementor-element-56b71f5 elementor-section-boxed elementor-section-height-default elementor-section-height-default\" data-id=\"56b71f5\" data-element_type=\"section\">\n\t\t\t\t\t\t<div class=\"elementor-container elementor-column-gap-default\">\n\t\t\t\t\t<div class=\"elementor-column elementor-col-100 elementor-top-column elementor-element elementor-element-a42a6fd\" data-id=\"a42a6fd\" data-element_type=\"column\">\n\t\t\t<div class=\"elementor-widget-wrap elementor-element-populated\">\n\t\t\t\t\t\t\t\t<div class=\"elementor-element elementor-element-0aac56e elementor-widget elementor-widget-heading\" data-id=\"0aac56e\" data-element_type=\"widget\" data-widget_type=\"heading.default\">\n\t\t\t\t<div class=\"elementor-widget-container\">\n\t\t\t<style>\/*! elementor - v3.8.1 - 13-11-2022 *\/\n.elementor-heading-title{padding:0;margin:0;line-height:1}.elementor-widget-heading .elementor-heading-title[class*=elementor-size-]>a{color:inherit;font-size:inherit;line-height:inherit}.elementor-widget-heading .elementor-heading-title.elementor-size-small{font-size:15px}.elementor-widget-heading .elementor-heading-title.elementor-size-medium{font-size:19px}.elementor-widget-heading .elementor-heading-title.elementor-size-large{font-size:29px}.elementor-widget-heading .elementor-heading-title.elementor-size-xl{font-size:39px}.elementor-widget-heading .elementor-heading-title.elementor-size-xxl{font-size:59px}<\/style><h2 class=\"elementor-heading-title elementor-size-default\">Je ne vois pas la personne au travers de ses sympt\u00f4mes, de ses troubles, de sa pathologie, je la vois surtout et avant tout comme un \u00eatre humain dans toute son essence, dans toute sa globalit\u00e9.<\/h2>\t\t<\/div>\n\t\t\t\t<\/div>\n\t\t\t\t\t<\/div>\n\t\t<\/div>\n\t\t\t\t\t\t\t<\/div>\n\t\t<\/section>\n\t\t\t\t<section class=\"elementor-section elementor-top-section elementor-element elementor-element-f384e6c elementor-section-boxed elementor-section-height-default elementor-section-height-default\" data-id=\"f384e6c\" data-element_type=\"section\">\n\t\t\t\t\t\t<div class=\"elementor-container elementor-column-gap-default\">\n\t\t\t\t\t<div class=\"elementor-column elementor-col-100 elementor-top-column elementor-element elementor-element-ba9458f\" data-id=\"ba9458f\" data-element_type=\"column\">\n\t\t\t<div class=\"elementor-widget-wrap elementor-element-populated\">\n\t\t\t\t\t\t\t\t<div class=\"elementor-element elementor-element-71bc860 elementor-widget-divider--view-line elementor-widget elementor-widget-divider\" data-id=\"71bc860\" data-element_type=\"widget\" data-widget_type=\"divider.default\">\n\t\t\t\t<div class=\"elementor-widget-container\">\n\t\t\t<style>\/*! elementor - v3.8.1 - 13-11-2022 *\/\n.elementor-widget-divider{--divider-border-style:none;--divider-border-width:1px;--divider-color:#2c2c2c;--divider-icon-size:20px;--divider-element-spacing:10px;--divider-pattern-height:24px;--divider-pattern-size:20px;--divider-pattern-url:none;--divider-pattern-repeat:repeat-x}.elementor-widget-divider .elementor-divider{display:-webkit-box;display:-ms-flexbox;display:flex}.elementor-widget-divider .elementor-divider__text{font-size:15px;line-height:1;max-width:95%}.elementor-widget-divider .elementor-divider__element{margin:0 var(--divider-element-spacing);-ms-flex-negative:0;flex-shrink:0}.elementor-widget-divider .elementor-icon{font-size:var(--divider-icon-size)}.elementor-widget-divider .elementor-divider-separator{display:-webkit-box;display:-ms-flexbox;display:flex;margin:0;direction:ltr}.elementor-widget-divider--view-line_icon .elementor-divider-separator,.elementor-widget-divider--view-line_text .elementor-divider-separator{-webkit-box-align:center;-ms-flex-align:center;align-items:center}.elementor-widget-divider--view-line_icon .elementor-divider-separator:after,.elementor-widget-divider--view-line_icon .elementor-divider-separator:before,.elementor-widget-divider--view-line_text .elementor-divider-separator:after,.elementor-widget-divider--view-line_text .elementor-divider-separator:before{display:block;content:\"\";border-bottom:0;-webkit-box-flex:1;-ms-flex-positive:1;flex-grow:1;border-top:var(--divider-border-width) var(--divider-border-style) var(--divider-color)}.elementor-widget-divider--element-align-left .elementor-divider .elementor-divider-separator>.elementor-divider__svg:first-of-type{-webkit-box-flex:0;-ms-flex-positive:0;flex-grow:0;-ms-flex-negative:100;flex-shrink:100}.elementor-widget-divider--element-align-left .elementor-divider-separator:before{content:none}.elementor-widget-divider--element-align-left .elementor-divider__element{margin-left:0}.elementor-widget-divider--element-align-right .elementor-divider .elementor-divider-separator>.elementor-divider__svg:last-of-type{-webkit-box-flex:0;-ms-flex-positive:0;flex-grow:0;-ms-flex-negative:100;flex-shrink:100}.elementor-widget-divider--element-align-right .elementor-divider-separator:after{content:none}.elementor-widget-divider--element-align-right .elementor-divider__element{margin-right:0}.elementor-widget-divider:not(.elementor-widget-divider--view-line_text):not(.elementor-widget-divider--view-line_icon) .elementor-divider-separator{border-top:var(--divider-border-width) var(--divider-border-style) var(--divider-color)}.elementor-widget-divider--separator-type-pattern{--divider-border-style:none}.elementor-widget-divider--separator-type-pattern.elementor-widget-divider--view-line .elementor-divider-separator,.elementor-widget-divider--separator-type-pattern:not(.elementor-widget-divider--view-line) .elementor-divider-separator:after,.elementor-widget-divider--separator-type-pattern:not(.elementor-widget-divider--view-line) .elementor-divider-separator:before,.elementor-widget-divider--separator-type-pattern:not([class*=elementor-widget-divider--view]) .elementor-divider-separator{width:100%;min-height:var(--divider-pattern-height);-webkit-mask-size:var(--divider-pattern-size) 100%;mask-size:var(--divider-pattern-size) 100%;-webkit-mask-repeat:var(--divider-pattern-repeat);mask-repeat:var(--divider-pattern-repeat);background-color:var(--divider-color);-webkit-mask-image:var(--divider-pattern-url);mask-image:var(--divider-pattern-url)}.elementor-widget-divider--no-spacing{--divider-pattern-size:auto}.elementor-widget-divider--bg-round{--divider-pattern-repeat:round}.rtl .elementor-widget-divider .elementor-divider__text{direction:rtl}.e-con-inner>.elementor-widget-divider,.e-con>.elementor-widget-divider{width:var(--container-widget-width,100%)}<\/style>\t\t<div class=\"elementor-divider\">\n\t\t\t<span class=\"elementor-divider-separator\">\n\t\t\t\t\t\t<\/span>\n\t\t<\/div>\n\t\t\t\t<\/div>\n\t\t\t\t<\/div>\n\t\t\t\t<div class=\"elementor-element elementor-element-95c9021 elementor-widget elementor-widget-text-editor\" data-id=\"95c9021\" data-element_type=\"widget\" data-widget_type=\"text-editor.default\">\n\t\t\t\t<div class=\"elementor-widget-container\">\n\t\t\t<style>\/*! elementor - v3.8.1 - 13-11-2022 *\/\n.elementor-widget-text-editor.elementor-drop-cap-view-stacked .elementor-drop-cap{background-color:#818a91;color:#fff}.elementor-widget-text-editor.elementor-drop-cap-view-framed .elementor-drop-cap{color:#818a91;border:3px solid;background-color:transparent}.elementor-widget-text-editor:not(.elementor-drop-cap-view-default) .elementor-drop-cap{margin-top:8px}.elementor-widget-text-editor:not(.elementor-drop-cap-view-default) .elementor-drop-cap-letter{width:1em;height:1em}.elementor-widget-text-editor .elementor-drop-cap{float:left;text-align:center;line-height:1;font-size:50px}.elementor-widget-text-editor .elementor-drop-cap-letter{display:inline-block}<\/style>\t\t\t\t<ul>\n<li><span style=\"text-decoration: underline;\"><strong>Harmonie m\u00e9diation animale <\/strong><\/span>vous propose d\u2019intervenir aupr\u00e8s de diff\u00e9rents publics, en \u00e9tablissement ou \u00e0 domicile, afin de travailler sur diverses probl\u00e9matiques.<\/li>\n<\/ul>\n<ul>\n<li>Une premi\u00e8re rencontre gratuite est imp\u00e9rative pour apprendre \u00e0 se connaitre et mieux fixer la trajectoire que nous allons suivre et les engagements que nous allons prendre ensemble (Objectif, nombre de s\u00e9ances, fr\u00e9quence\u2026)<\/li>\n<\/ul>\n<p><strong>Chaque participant\/chaque groupe a son\/ses propre(s) objectif(s) : ceux-ci doivent \u00eatre&nbsp;clairement d\u00e9finis en \u00e9quipe.<\/strong><\/p>\n<p>Apr\u00e8s les premi\u00e8res s\u00e9ances, dites d&rsquo;observation, les objectifs pourront \u00eatre modifi\u00e9s si besoin.<\/p>\n<h4><strong><u>D\u00e9roulement d&rsquo;une s\u00e9ance&nbsp;<\/u><\/strong><strong>&nbsp;<\/strong><\/h4>\n<p>Une s\u00e9ance classique dure en moyenne 1 heure et comprend diverses activit\u00e9s&nbsp;: \u00e9change, promenade, soin de l\u2019animal, jeux, etc.<\/p>\n<p><strong>&nbsp;<\/strong><strong><u>L&rsquo;organisation d&rsquo;une s\u00e9ance va prendre en compte divers param\u00e8tres tels que<\/u><\/strong> :<br>&#8211; Le public (potentiel, nombre, \u00e2ge, groupe homog\u00e8ne\/h\u00e9t\u00e9rog\u00e8ne),<br>&#8211; Les objectifs fix\u00e9s en \u00e9quipe<br>&#8211; Le lieu (int\u00e9rieur\/ext\u00e9rieur, petite\/grande salle, chambre, domicile de la personne)<\/p>\n<ul>\n<li>Les s\u00e9ances peuvent se r\u00e9aliser individuellement ou en petit groupe, dans une salle adapt\u00e9e.<\/li>\n<li>Des mesures sont appliqu\u00e9es afin de veiller \u00e0 la s\u00e9curit\u00e9 et \u00e0 l&rsquo;hygi\u00e8ne des usagers \/ des membres du personnel.<\/li>\n<li>Selon le secteur, la dimension ludique est importante dans les s\u00e9ances de m\u00e9diation animale. Les outils p\u00e9dagogiques vont s&rsquo;adapter en fonction des capacit\u00e9s de chacun.<\/li>\n<li>L&rsquo;intervenant en m\u00e9diation animale ne fournit pas que des animaux, il apporte un savoir faire<\/li>\n<li>Il organise et anime ses s\u00e9ances.<\/li>\n<li>Il favorise le lien entre la personne fragile et l&rsquo;animal.<\/li>\n<\/ul>\n<p>Il travaille toujours en partenariat avec l&rsquo;\u00e9quipe et\/ou la famille..<\/p>\t\t\t\t\t\t<\/div>\n\t\t\t\t<\/div>\n\t\t\t\t\t<\/div>\n\t\t<\/div>\n\t\t\t\t\t\t\t<\/div>\n\t\t<\/section>\n\t\t\t\t<section class=\"elementor-section elementor-top-section elementor-element elementor-element-8fb8120 elementor-section-boxed elementor-section-height-default elementor-section-height-default\" data-id=\"8fb8120\" data-element_type=\"section\">\n\t\t\t\t\t\t<div class=\"elementor-container elementor-column-gap-default\">\n\t\t\t\t\t<div class=\"elementor-column elementor-col-50 elementor-top-column elementor-element elementor-element-33551b2\" data-id=\"33551b2\" data-element_type=\"column\">\n\t\t\t<div class=\"elementor-widget-wrap elementor-element-populated\">\n\t\t\t\t\t\t\t\t<div class=\"elementor-element elementor-element-12b6bfe elementor-widget elementor-widget-image\" data-id=\"12b6bfe\" data-element_type=\"widget\" data-widget_type=\"image.default\">\n\t\t\t\t<div class=\"elementor-widget-container\">\n\t\t\t\t\t\t\t\t\t\t\t\t\t\t\t<img decoding=\"async\" width=\"323\" height=\"224\" src=\"https:\/\/www.harmonie-mediation-animale.fr\/wp-content\/uploads\/2022\/11\/Ilien-chien-humain-mediation-animale-1.jpg\" class=\"attachment-medium_large size-medium_large\" alt=\"\" loading=\"lazy\" srcset=\"https:\/\/www.harmonie-mediation-animale.fr\/wp-content\/uploads\/2022\/11\/Ilien-chien-humain-mediation-animale-1.jpg 323w, https:\/\/www.harmonie-mediation-animale.fr\/wp-content\/uploads\/2022\/11\/Ilien-chien-humain-mediation-animale-1-300x208.jpg 300w\" sizes=\"(max-width: 323px) 100vw, 323px\" \/>\t\t\t\t\t\t\t\t\t\t\t\t\t\t\t<\/div>\n\t\t\t\t<\/div>\n\t\t\t\t\t<\/div>\n\t\t<\/div>\n\t\t\t\t<div class=\"elementor-column elementor-col-50 elementor-top-column elementor-element elementor-element-69b22cd\" data-id=\"69b22cd\" data-element_type=\"column\">\n\t\t\t<div class=\"elementor-widget-wrap elementor-element-populated\">\n\t\t\t\t\t\t\t\t<div class=\"elementor-element elementor-element-54a8b17 elementor-widget elementor-widget-image\" data-id=\"54a8b17\" data-element_type=\"widget\" data-widget_type=\"image.default\">\n\t\t\t\t<div class=\"elementor-widget-container\">\n\t\t\t\t\t\t\t\t\t\t\t\t\t\t\t<img decoding=\"async\" width=\"300\" height=\"150\" src=\"https:\/\/www.harmonie-mediation-animale.fr\/wp-content\/uploads\/2022\/11\/chaine-humaine-mediation-animale-300x150.jpg\" class=\"attachment-medium size-medium\" alt=\"\" loading=\"lazy\" srcset=\"https:\/\/www.harmonie-mediation-animale.fr\/wp-content\/uploads\/2022\/11\/chaine-humaine-mediation-animale-300x150.jpg 300w, https:\/\/www.harmonie-mediation-animale.fr\/wp-content\/uploads\/2022\/11\/chaine-humaine-mediation-animale.jpg 612w\" sizes=\"(max-width: 300px) 100vw, 300px\" \/>\t\t\t\t\t\t\t\t\t\t\t\t\t\t\t<\/div>\n\t\t\t\t<\/div>\n\t\t\t\t\t<\/div>\n\t\t<\/div>\n\t\t\t\t\t\t\t<\/div>\n\t\t<\/section>\n\t\t\t\t\t\t\t<\/div>\n\t\t","protected":false},"excerpt":{"rendered":"<p>Je ne vois pas la personne au travers de ses sympt\u00f4mes, de ses troubles, de sa pathologie, je la vois surtout et avant tout comme un \u00eatre humain dans toute son essence, dans toute sa globalit\u00e9. Harmonie m\u00e9diation animale vous propose d\u2019intervenir aupr\u00e8s de diff\u00e9rents publics, en \u00e9tablissement ou \u00e0 domicile, afin de travailler sur [&hellip;]<\/p>\n","protected":false},"author":1,"featured_media":0,"parent":0,"menu_order":0,"comment_status":"closed","ping_status":"closed","template":"","meta":{"om_disable_all_campaigns":false,"_mi_skip_tracking":false},"aioseo_notices":[],"_links":{"self":[{"href":"https:\/\/www.harmonie-mediation-animale.fr\/index.php?rest_route=\/wp\/v2\/pages\/1889"}],"collection":[{"href":"https:\/\/www.harmonie-mediation-animale.fr\/index.php?rest_route=\/wp\/v2\/pages"}],"about":[{"href":"https:\/\/www.harmonie-mediation-animale.fr\/index.php?rest_route=\/wp\/v2\/types\/page"}],"author":[{"embeddable":true,"href":"https:\/\/www.harmonie-mediation-animale.fr\/index.php?rest_route=\/wp\/v2\/users\/1"}],"replies":[{"embeddable":true,"href":"https:\/\/www.harmonie-mediation-animale.fr\/index.php?rest_route=%2Fwp%2Fv2%2Fcomments&post=1889"}],"version-history":[{"count":10,"href":"https:\/\/www.harmonie-mediation-animale.fr\/index.php?rest_route=\/wp\/v2\/pages\/1889\/revisions"}],"predecessor-version":[{"id":2136,"href":"https:\/\/www.harmonie-mediation-animale.fr\/index.php?rest_route=\/wp\/v2\/pages\/1889\/revisions\/2136"}],"wp:attachment":[{"href":"https:\/\/www.harmonie-mediation-animale.fr\/index.php?rest_route=%2Fwp%2Fv2%2Fmedia&parent=1889"}],"curies":[{"name":"wp","href":"https:\/\/api.w.org\/{rel}","templated":true}]}}