{"id":1789,"date":"2022-11-22T15:21:29","date_gmt":"2022-11-22T15:21:29","guid":{"rendered":"https:\/\/harmonie-mediation-animale.fr\/?page_id=1789"},"modified":"2023-01-03T10:35:46","modified_gmt":"2023-01-03T09:35:46","slug":"objectifs","status":"publish","type":"page","link":"https:\/\/www.harmonie-mediation-animale.fr\/?page_id=1789","title":{"rendered":"Objectifs"},"content":{"rendered":"\t\t<div data-elementor-type=\"wp-page\" data-elementor-id=\"1789\" class=\"elementor elementor-1789\">\n\t\t\t\t\t\t\t\t\t<section class=\"elementor-section elementor-top-section elementor-element elementor-element-c31b3a8 elementor-section-boxed elementor-section-height-default elementor-section-height-default\" data-id=\"c31b3a8\" data-element_type=\"section\">\n\t\t\t\t\t\t<div class=\"elementor-container elementor-column-gap-default\">\n\t\t\t\t\t<div class=\"elementor-column elementor-col-66 elementor-top-column elementor-element elementor-element-d5c28d2\" data-id=\"d5c28d2\" data-element_type=\"column\">\n\t\t\t<div class=\"elementor-widget-wrap elementor-element-populated\">\n\t\t\t\t\t\t\t\t<div class=\"elementor-element elementor-element-63c562d elementor-widget elementor-widget-spacer\" data-id=\"63c562d\" data-element_type=\"widget\" data-widget_type=\"spacer.default\">\n\t\t\t\t<div class=\"elementor-widget-container\">\n\t\t\t<style>\/*! elementor - v3.8.1 - 13-11-2022 *\/\n.elementor-column .elementor-spacer-inner{height:var(--spacer-size)}.e-con{--container-widget-width:100%}.e-con-inner>.elementor-widget-spacer,.e-con>.elementor-widget-spacer{width:var(--container-widget-width,var(--spacer-size));-ms-flex-item-align:stretch;align-self:stretch;-ms-flex-negative:0;flex-shrink:0}.e-con-inner>.elementor-widget-spacer>.elementor-widget-container,.e-con-inner>.elementor-widget-spacer>.elementor-widget-container>.elementor-spacer,.e-con>.elementor-widget-spacer>.elementor-widget-container,.e-con>.elementor-widget-spacer>.elementor-widget-container>.elementor-spacer{height:100%}.e-con-inner>.elementor-widget-spacer>.elementor-widget-container>.elementor-spacer>.elementor-spacer-inner,.e-con>.elementor-widget-spacer>.elementor-widget-container>.elementor-spacer>.elementor-spacer-inner{height:var(--container-widget-height,var(--spacer-size))}<\/style>\t\t<div class=\"elementor-spacer\">\n\t\t\t<div class=\"elementor-spacer-inner\"><\/div>\n\t\t<\/div>\n\t\t\t\t<\/div>\n\t\t\t\t<\/div>\n\t\t\t\t<div class=\"elementor-element elementor-element-87e0d7c elementor-widget elementor-widget-heading\" data-id=\"87e0d7c\" data-element_type=\"widget\" data-widget_type=\"heading.default\">\n\t\t\t\t<div class=\"elementor-widget-container\">\n\t\t\t<style>\/*! elementor - v3.8.1 - 13-11-2022 *\/\n.elementor-heading-title{padding:0;margin:0;line-height:1}.elementor-widget-heading .elementor-heading-title[class*=elementor-size-]>a{color:inherit;font-size:inherit;line-height:inherit}.elementor-widget-heading .elementor-heading-title.elementor-size-small{font-size:15px}.elementor-widget-heading .elementor-heading-title.elementor-size-medium{font-size:19px}.elementor-widget-heading .elementor-heading-title.elementor-size-large{font-size:29px}.elementor-widget-heading .elementor-heading-title.elementor-size-xl{font-size:39px}.elementor-widget-heading .elementor-heading-title.elementor-size-xxl{font-size:59px}<\/style><h2 class=\"elementor-heading-title elementor-size-default\">Pas de programme sans objectifs<\/h2>\t\t<\/div>\n\t\t\t\t<\/div>\n\t\t\t\t<div class=\"elementor-element elementor-element-f33d742 elementor-widget elementor-widget-text-editor\" data-id=\"f33d742\" data-element_type=\"widget\" data-widget_type=\"text-editor.default\">\n\t\t\t\t<div class=\"elementor-widget-container\">\n\t\t\t<style>\/*! elementor - v3.8.1 - 13-11-2022 *\/\n.elementor-widget-text-editor.elementor-drop-cap-view-stacked .elementor-drop-cap{background-color:#818a91;color:#fff}.elementor-widget-text-editor.elementor-drop-cap-view-framed .elementor-drop-cap{color:#818a91;border:3px solid;background-color:transparent}.elementor-widget-text-editor:not(.elementor-drop-cap-view-default) .elementor-drop-cap{margin-top:8px}.elementor-widget-text-editor:not(.elementor-drop-cap-view-default) .elementor-drop-cap-letter{width:1em;height:1em}.elementor-widget-text-editor .elementor-drop-cap{float:left;text-align:center;line-height:1;font-size:50px}.elementor-widget-text-editor .elementor-drop-cap-letter{display:inline-block}<\/style>\t\t\t\t<p>Avant la mise en place de tout programme, en lien avec l\u2019\u00e9quipe ou avec les parents ou la personne elle-m\u00eame, il est important de poser des objectifs d\u2019accompagnement.<\/p><p>Ces objectifs peuvent concerner un groupe entier, \u00e0 condition qu\u2019il soit homog\u00e8ne sur le plan physique et\/ou cognitif, mais ils peuvent \u00e9galement concerner une personne de fa\u00e7on individuelle.<\/p><p>Tout objectif doit \u00eatre pos\u00e9 avec l\u2019accord de la personne b\u00e9n\u00e9ficiaire avant tout. Celle-ci doit \u00eatre active dans son accompagnement afin, d\u2019une part, de donner le meilleur d\u2019elle-m\u00eame mais aussi de permettre au cadre d\u2019intervention d\u2019agir.<\/p><p>Seule son adh\u00e9sion active lui permettra de vivre des exp\u00e9rimentations b\u00e9n\u00e9fiques pour elle.<\/p>\t\t\t\t\t\t<\/div>\n\t\t\t\t<\/div>\n\t\t\t\t\t<\/div>\n\t\t<\/div>\n\t\t\t\t<div class=\"elementor-column elementor-col-33 elementor-top-column elementor-element elementor-element-f399e28\" data-id=\"f399e28\" data-element_type=\"column\">\n\t\t\t<div class=\"elementor-widget-wrap elementor-element-populated\">\n\t\t\t\t\t\t\t\t<div class=\"elementor-element elementor-element-8df7649 elementor-widget elementor-widget-spacer\" data-id=\"8df7649\" data-element_type=\"widget\" data-widget_type=\"spacer.default\">\n\t\t\t\t<div class=\"elementor-widget-container\">\n\t\t\t\t\t<div class=\"elementor-spacer\">\n\t\t\t<div class=\"elementor-spacer-inner\"><\/div>\n\t\t<\/div>\n\t\t\t\t<\/div>\n\t\t\t\t<\/div>\n\t\t\t\t<div class=\"elementor-element elementor-element-a013f76 elementor-widget elementor-widget-image\" data-id=\"a013f76\" data-element_type=\"widget\" data-widget_type=\"image.default\">\n\t\t\t\t<div class=\"elementor-widget-container\">\n\t\t\t<style>\/*! elementor - v3.8.1 - 13-11-2022 *\/\n.elementor-widget-image{text-align:center}.elementor-widget-image a{display:inline-block}.elementor-widget-image a img[src$=\".svg\"]{width:48px}.elementor-widget-image img{vertical-align:middle;display:inline-block}<\/style>\t\t\t\t\t\t\t\t\t\t\t\t<img decoding=\"async\" width=\"605\" height=\"645\" src=\"https:\/\/www.harmonie-mediation-animale.fr\/wp-content\/uploads\/2022\/11\/personnes-agees-cochon-dinde-mediation-animale.jpg\" class=\"attachment-1536x1536 size-1536x1536\" alt=\"\" loading=\"lazy\" srcset=\"https:\/\/www.harmonie-mediation-animale.fr\/wp-content\/uploads\/2022\/11\/personnes-agees-cochon-dinde-mediation-animale.jpg 605w, https:\/\/www.harmonie-mediation-animale.fr\/wp-content\/uploads\/2022\/11\/personnes-agees-cochon-dinde-mediation-animale-281x300.jpg 281w\" sizes=\"(max-width: 605px) 100vw, 605px\" \/>\t\t\t\t\t\t\t\t\t\t\t\t\t\t\t<\/div>\n\t\t\t\t<\/div>\n\t\t\t\t\t<\/div>\n\t\t<\/div>\n\t\t\t\t\t\t\t<\/div>\n\t\t<\/section>\n\t\t\t\t<section class=\"elementor-section elementor-top-section elementor-element elementor-element-095a7b1 elementor-section-boxed elementor-section-height-default elementor-section-height-default\" data-id=\"095a7b1\" data-element_type=\"section\">\n\t\t\t\t\t\t<div class=\"elementor-container elementor-column-gap-default\">\n\t\t\t\t\t<div class=\"elementor-column elementor-col-66 elementor-top-column elementor-element elementor-element-c32044a\" data-id=\"c32044a\" data-element_type=\"column\">\n\t\t\t<div class=\"elementor-widget-wrap elementor-element-populated\">\n\t\t\t\t\t\t\t\t<div class=\"elementor-element elementor-element-a38b8f2 elementor-widget-divider--view-line elementor-widget elementor-widget-divider\" data-id=\"a38b8f2\" data-element_type=\"widget\" data-widget_type=\"divider.default\">\n\t\t\t\t<div class=\"elementor-widget-container\">\n\t\t\t<style>\/*! elementor - v3.8.1 - 13-11-2022 *\/\n.elementor-widget-divider{--divider-border-style:none;--divider-border-width:1px;--divider-color:#2c2c2c;--divider-icon-size:20px;--divider-element-spacing:10px;--divider-pattern-height:24px;--divider-pattern-size:20px;--divider-pattern-url:none;--divider-pattern-repeat:repeat-x}.elementor-widget-divider .elementor-divider{display:-webkit-box;display:-ms-flexbox;display:flex}.elementor-widget-divider .elementor-divider__text{font-size:15px;line-height:1;max-width:95%}.elementor-widget-divider .elementor-divider__element{margin:0 var(--divider-element-spacing);-ms-flex-negative:0;flex-shrink:0}.elementor-widget-divider .elementor-icon{font-size:var(--divider-icon-size)}.elementor-widget-divider .elementor-divider-separator{display:-webkit-box;display:-ms-flexbox;display:flex;margin:0;direction:ltr}.elementor-widget-divider--view-line_icon .elementor-divider-separator,.elementor-widget-divider--view-line_text .elementor-divider-separator{-webkit-box-align:center;-ms-flex-align:center;align-items:center}.elementor-widget-divider--view-line_icon .elementor-divider-separator:after,.elementor-widget-divider--view-line_icon .elementor-divider-separator:before,.elementor-widget-divider--view-line_text .elementor-divider-separator:after,.elementor-widget-divider--view-line_text .elementor-divider-separator:before{display:block;content:\"\";border-bottom:0;-webkit-box-flex:1;-ms-flex-positive:1;flex-grow:1;border-top:var(--divider-border-width) var(--divider-border-style) var(--divider-color)}.elementor-widget-divider--element-align-left .elementor-divider .elementor-divider-separator>.elementor-divider__svg:first-of-type{-webkit-box-flex:0;-ms-flex-positive:0;flex-grow:0;-ms-flex-negative:100;flex-shrink:100}.elementor-widget-divider--element-align-left .elementor-divider-separator:before{content:none}.elementor-widget-divider--element-align-left .elementor-divider__element{margin-left:0}.elementor-widget-divider--element-align-right .elementor-divider .elementor-divider-separator>.elementor-divider__svg:last-of-type{-webkit-box-flex:0;-ms-flex-positive:0;flex-grow:0;-ms-flex-negative:100;flex-shrink:100}.elementor-widget-divider--element-align-right .elementor-divider-separator:after{content:none}.elementor-widget-divider--element-align-right .elementor-divider__element{margin-right:0}.elementor-widget-divider:not(.elementor-widget-divider--view-line_text):not(.elementor-widget-divider--view-line_icon) .elementor-divider-separator{border-top:var(--divider-border-width) var(--divider-border-style) var(--divider-color)}.elementor-widget-divider--separator-type-pattern{--divider-border-style:none}.elementor-widget-divider--separator-type-pattern.elementor-widget-divider--view-line .elementor-divider-separator,.elementor-widget-divider--separator-type-pattern:not(.elementor-widget-divider--view-line) .elementor-divider-separator:after,.elementor-widget-divider--separator-type-pattern:not(.elementor-widget-divider--view-line) .elementor-divider-separator:before,.elementor-widget-divider--separator-type-pattern:not([class*=elementor-widget-divider--view]) .elementor-divider-separator{width:100%;min-height:var(--divider-pattern-height);-webkit-mask-size:var(--divider-pattern-size) 100%;mask-size:var(--divider-pattern-size) 100%;-webkit-mask-repeat:var(--divider-pattern-repeat);mask-repeat:var(--divider-pattern-repeat);background-color:var(--divider-color);-webkit-mask-image:var(--divider-pattern-url);mask-image:var(--divider-pattern-url)}.elementor-widget-divider--no-spacing{--divider-pattern-size:auto}.elementor-widget-divider--bg-round{--divider-pattern-repeat:round}.rtl .elementor-widget-divider .elementor-divider__text{direction:rtl}.e-con-inner>.elementor-widget-divider,.e-con>.elementor-widget-divider{width:var(--container-widget-width,100%)}<\/style>\t\t<div class=\"elementor-divider\">\n\t\t\t<span class=\"elementor-divider-separator\">\n\t\t\t\t\t\t<\/span>\n\t\t<\/div>\n\t\t\t\t<\/div>\n\t\t\t\t<\/div>\n\t\t\t\t<div class=\"elementor-element elementor-element-9ddd7e3 elementor-widget elementor-widget-heading\" data-id=\"9ddd7e3\" data-element_type=\"widget\" data-widget_type=\"heading.default\">\n\t\t\t\t<div class=\"elementor-widget-container\">\n\t\t\t<h2 class=\"elementor-heading-title elementor-size-default\">Les diff\u00e9rentes approches<\/h2>\t\t<\/div>\n\t\t\t\t<\/div>\n\t\t\t\t<div class=\"elementor-element elementor-element-ac51815 elementor-widget elementor-widget-text-editor\" data-id=\"ac51815\" data-element_type=\"widget\" data-widget_type=\"text-editor.default\">\n\t\t\t\t<div class=\"elementor-widget-container\">\n\t\t\t\t\t\t\t<h5><strong>Activit\u00e9s Assist\u00e9es par l&rsquo;Animal (AAA)<\/strong>\u00a0<\/h5><p>Les Activit\u00e9s Assist\u00e9es par l&rsquo;Animal sont des interactions ou des visites informelles souvent men\u00e9es par un intervenant et son animal avec des objectifs de motivation, d&rsquo;\u00e9ducation et de r\u00e9cr\u00e9ation.\u00a0<\/p><h5>\u00a0<strong>Th\u00e9rapie\u00a0Assist\u00e9e par l&rsquo;Animal\u00a0(TAA)<\/strong>\u00a0<\/h5><p>La Th\u00e9rapie Assist\u00e9e par l&rsquo;Animal a un objectif orient\u00e9, planifi\u00e9, et \u00e0 vocation th\u00e9rapeutique structur\u00e9e et dirig\u00e9e par des professionnels de la sant\u00e9, de l&rsquo;\u00e9ducation et du soin. Les effets de l&rsquo;intervention sont \u00e9valu\u00e9s et inclus dans les \u00e9crits professionnels. La TAA est r\u00e9alis\u00e9e et\/ou dirig\u00e9e par un professionnel dont l&rsquo;expertise est reconnue dans le cadre de sa pratique professionnelle. La TAA met l&rsquo;accent sur l&rsquo;am\u00e9lioration du fonctionnement physique, cognitif, comportemental e\/ou socio-affectif du b\u00e9n\u00e9ficiaire.<\/p>\t\t\t\t\t\t<\/div>\n\t\t\t\t<\/div>\n\t\t\t\t\t<\/div>\n\t\t<\/div>\n\t\t\t\t<div class=\"elementor-column elementor-col-33 elementor-top-column elementor-element elementor-element-21b2904\" data-id=\"21b2904\" data-element_type=\"column\">\n\t\t\t<div class=\"elementor-widget-wrap elementor-element-populated\">\n\t\t\t\t\t\t\t\t<div class=\"elementor-element elementor-element-e95af7c elementor-widget elementor-widget-spacer\" data-id=\"e95af7c\" data-element_type=\"widget\" data-widget_type=\"spacer.default\">\n\t\t\t\t<div class=\"elementor-widget-container\">\n\t\t\t\t\t<div class=\"elementor-spacer\">\n\t\t\t<div class=\"elementor-spacer-inner\"><\/div>\n\t\t<\/div>\n\t\t\t\t<\/div>\n\t\t\t\t<\/div>\n\t\t\t\t<div class=\"elementor-element elementor-element-3593900 elementor-widget elementor-widget-image\" data-id=\"3593900\" data-element_type=\"widget\" data-widget_type=\"image.default\">\n\t\t\t\t<div class=\"elementor-widget-container\">\n\t\t\t\t\t\t\t\t\t\t\t\t\t\t\t<img decoding=\"async\" width=\"640\" height=\"453\" src=\"https:\/\/www.harmonie-mediation-animale.fr\/wp-content\/uploads\/2022\/11\/mediation_animale-GROUPE_3-1024x724.jpg\" class=\"attachment-large size-large\" alt=\"\" loading=\"lazy\" srcset=\"https:\/\/www.harmonie-mediation-animale.fr\/wp-content\/uploads\/2022\/11\/mediation_animale-GROUPE_3-1024x724.jpg 1024w, https:\/\/www.harmonie-mediation-animale.fr\/wp-content\/uploads\/2022\/11\/mediation_animale-GROUPE_3-300x212.jpg 300w, https:\/\/www.harmonie-mediation-animale.fr\/wp-content\/uploads\/2022\/11\/mediation_animale-GROUPE_3-768x543.jpg 768w, https:\/\/www.harmonie-mediation-animale.fr\/wp-content\/uploads\/2022\/11\/mediation_animale-GROUPE_3-1536x1086.jpg 1536w, https:\/\/www.harmonie-mediation-animale.fr\/wp-content\/uploads\/2022\/11\/mediation_animale-GROUPE_3.jpg 1576w\" sizes=\"(max-width: 640px) 100vw, 640px\" \/>\t\t\t\t\t\t\t\t\t\t\t\t\t\t\t<\/div>\n\t\t\t\t<\/div>\n\t\t\t\t\t<\/div>\n\t\t<\/div>\n\t\t\t\t\t\t\t<\/div>\n\t\t<\/section>\n\t\t\t\t<section class=\"elementor-section elementor-top-section elementor-element elementor-element-aae47e9 elementor-section-boxed elementor-section-height-default elementor-section-height-default\" data-id=\"aae47e9\" data-element_type=\"section\">\n\t\t\t\t\t\t<div class=\"elementor-container elementor-column-gap-default\">\n\t\t\t\t\t<div class=\"elementor-column elementor-col-100 elementor-top-column elementor-element elementor-element-ab22f3a\" data-id=\"ab22f3a\" data-element_type=\"column\">\n\t\t\t<div class=\"elementor-widget-wrap elementor-element-populated\">\n\t\t\t\t\t\t\t\t<div class=\"elementor-element elementor-element-2aac730 elementor-widget elementor-widget-text-editor\" data-id=\"2aac730\" data-element_type=\"widget\" data-widget_type=\"text-editor.default\">\n\t\t\t\t<div class=\"elementor-widget-container\">\n\t\t\t\t\t\t\t<div><h5><strong><span class=\"S1PPyQ\">Ateliers d&rsquo;\u00e9veil et p\u00e9dagogiques<\/span><\/strong><\/h5><p><span class=\"S1PPyQ\">Ce sont des ateliers qui visent davantage un public d&rsquo;enfants dans des structures de la petite enfance, scolaire ou p\u00e9riscolaire.<\/span><span class=\"S1PPyQ\">D\u00e9couvertes, stimulations sensorielles et \u00e9veil sont les ma\u00eetre mots de ces ateliers.<\/span><\/p><\/div>\t\t\t\t\t\t<\/div>\n\t\t\t\t<\/div>\n\t\t\t\t\t<\/div>\n\t\t<\/div>\n\t\t\t\t\t\t\t<\/div>\n\t\t<\/section>\n\t\t\t\t<section class=\"elementor-section elementor-top-section elementor-element elementor-element-be3f597 elementor-section-boxed elementor-section-height-default elementor-section-height-default\" data-id=\"be3f597\" data-element_type=\"section\">\n\t\t\t\t\t\t<div class=\"elementor-container elementor-column-gap-default\">\n\t\t\t\t\t<div class=\"elementor-column elementor-col-100 elementor-top-column elementor-element elementor-element-63d8e88\" data-id=\"63d8e88\" data-element_type=\"column\">\n\t\t\t<div class=\"elementor-widget-wrap elementor-element-populated\">\n\t\t\t\t\t\t\t\t<div class=\"elementor-element elementor-element-999a81f elementor-widget elementor-widget-image\" data-id=\"999a81f\" data-element_type=\"widget\" data-widget_type=\"image.default\">\n\t\t\t\t<div class=\"elementor-widget-container\">\n\t\t\t\t\t\t\t\t\t\t\t\t\t\t\t<img decoding=\"async\" width=\"600\" height=\"429\" src=\"https:\/\/www.harmonie-mediation-animale.fr\/wp-content\/uploads\/2022\/11\/objectifs-mediation-animale.webp\" class=\"attachment-large size-large\" alt=\"\" loading=\"lazy\" srcset=\"https:\/\/www.harmonie-mediation-animale.fr\/wp-content\/uploads\/2022\/11\/objectifs-mediation-animale.webp 600w, https:\/\/www.harmonie-mediation-animale.fr\/wp-content\/uploads\/2022\/11\/objectifs-mediation-animale-300x215.webp 300w\" sizes=\"(max-width: 600px) 100vw, 600px\" \/>\t\t\t\t\t\t\t\t\t\t\t\t\t\t\t<\/div>\n\t\t\t\t<\/div>\n\t\t\t\t\t<\/div>\n\t\t<\/div>\n\t\t\t\t\t\t\t<\/div>\n\t\t<\/section>\n\t\t\t\t<section class=\"elementor-section elementor-top-section elementor-element elementor-element-ab265fd elementor-section-boxed elementor-section-height-default elementor-section-height-default\" data-id=\"ab265fd\" data-element_type=\"section\">\n\t\t\t\t\t\t<div class=\"elementor-container elementor-column-gap-default\">\n\t\t\t\t\t<div class=\"elementor-column elementor-col-100 elementor-top-column elementor-element elementor-element-96b8fb6\" data-id=\"96b8fb6\" data-element_type=\"column\">\n\t\t\t<div class=\"elementor-widget-wrap elementor-element-populated\">\n\t\t\t\t\t\t\t\t<div class=\"elementor-element elementor-element-4827e8c elementor-widget elementor-widget-text-editor\" data-id=\"4827e8c\" data-element_type=\"widget\" data-widget_type=\"text-editor.default\">\n\t\t\t\t<div class=\"elementor-widget-container\">\n\t\t\t\t\t\t\t\t\t\t\t\t\t<\/div>\n\t\t\t\t<\/div>\n\t\t\t\t<div class=\"elementor-element elementor-element-4c8632d elementor-widget elementor-widget-heading\" data-id=\"4c8632d\" data-element_type=\"widget\" data-widget_type=\"heading.default\">\n\t\t\t\t<div class=\"elementor-widget-container\">\n\t\t\t<h2 class=\"elementor-heading-title elementor-size-default\">Exemples d'objectifs de travail et d'activit\u00e9s associ\u00e9es<\/h2>\t\t<\/div>\n\t\t\t\t<\/div>\n\t\t\t\t\t<\/div>\n\t\t<\/div>\n\t\t\t\t\t\t\t<\/div>\n\t\t<\/section>\n\t\t\t\t<section class=\"elementor-section elementor-top-section elementor-element elementor-element-8b20465 elementor-section-boxed elementor-section-height-default elementor-section-height-default\" data-id=\"8b20465\" data-element_type=\"section\">\n\t\t\t\t\t\t<div class=\"elementor-container elementor-column-gap-default\">\n\t\t\t\t\t<div class=\"elementor-column elementor-col-100 elementor-top-column elementor-element elementor-element-784328b\" data-id=\"784328b\" data-element_type=\"column\">\n\t\t\t<div class=\"elementor-widget-wrap elementor-element-populated\">\n\t\t\t\t\t\t\t\t<div class=\"elementor-element elementor-element-f8b7c12 elementor-widget elementor-widget-text-editor\" data-id=\"f8b7c12\" data-element_type=\"widget\" data-widget_type=\"text-editor.default\">\n\t\t\t\t<div class=\"elementor-widget-container\">\n\t\t\t\t\t\t\t<h6><strong>Motricit\u00e9<\/strong><\/h6>\n<ul>\n<li>Brosser le lapin<\/li>\n<li>Dessiner ou colorier l\u2019animal<\/li>\n<li>Donner une friandise aux animaux (ex : dans la main ou avec une pince)<\/li>\n<li>Amener un objet (ex : une gamelle avec des friandises) d\u2019un point A \u00e0 un point B en marchant avec le chien<\/li>\n<\/ul>\n<h6><strong>M\u00e9moire<\/strong><\/h6>\n<ul>\n<li>Jeu de m\u00e9mo avec des images de furet<\/li>\n<li>Photos des m\u00e9tiers du chien (ex : chien de berger)<\/li>\n<li>Regarder des photos de diff\u00e9rentes races d\u2019animaux<\/li>\n<li>M\u00e9moriser la s\u00e9quence de la routine du chien et la reproduire<\/li>\n<\/ul>\n<h6><strong>Estime de soi<\/strong><\/h6>\n<ul>\n<li>R\u00e9aliser un parcours d\u2019obstacles (ex : slalom, passer dans un tunnel) avec le chien<\/li>\n<li>Prendre soin des animaux (ex : le brosser, lui nettoyer les yeux\u2026)<\/li>\n<li>Apprendre de nouvelles commandes au chien<\/li>\n<\/ul>\n<h6><strong>Interactions sociales<\/strong><\/h6>\n<ul>\n<li>Jeu sur la th\u00e9matique du cochon d\u2019inde (ex : jeu du lynx, loto)<\/li>\n<li>Cr\u00e9er un objet en groupe pour le chien (ex : jeu pour un enrichissement)<\/li>\n<li>Apprendre \u00e0 interagir avec un chien pour faire un parall\u00e8le avec l\u2019approche d\u2019une personne<\/li>\n<\/ul>\n<h6><strong>C<\/strong><strong style=\"font-size: 1rem;\">apacit\u00e9s <\/strong><strong style=\"font-size: 1rem;\">cognitives<\/strong><\/h6>\n<ul>\n<li><span style=\"font-size: 1rem;\">R\u00e9al<\/span><span style=\"font-size: 1rem;\">iser un puzzle avec une image de chiens<\/span><\/li>\n<li>Aider le chien \u00e0 r\u00e9soudre un casse-t\u00eate&nbsp;<\/li>\n<li>Associer des objets de la m\u00eame couleur en lien avec le chien&nbsp;<\/li>\n<li>Associer la photo d\u2019un animal avec la silhouette correspondante<\/li>\n<li>Faire le puzzle de l\u2019animal qui est face \u00e0 nous<\/li>\n<li>Apprendre ou d\u00e9velopper ces capacit\u00e9s \u00e0 compter (ex&nbsp;: combien y-a-t-il d\u2019animaux dans la pi\u00e8ce)<\/li>\n<\/ul>\t\t\t\t\t\t<\/div>\n\t\t\t\t<\/div>\n\t\t\t\t\t<\/div>\n\t\t<\/div>\n\t\t\t\t\t\t\t<\/div>\n\t\t<\/section>\n\t\t\t\t\t\t\t<\/div>\n\t\t","protected":false},"excerpt":{"rendered":"<p>Pas de programme sans objectifs Avant la mise en place de tout programme, en lien avec l\u2019\u00e9quipe ou avec les parents ou la personne elle-m\u00eame, il est important de poser des objectifs d\u2019accompagnement. Ces objectifs peuvent concerner un groupe entier, \u00e0 condition qu\u2019il soit homog\u00e8ne sur le plan physique et\/ou cognitif, mais ils peuvent \u00e9galement [&hellip;]<\/p>\n","protected":false},"author":1,"featured_media":0,"parent":0,"menu_order":0,"comment_status":"closed","ping_status":"closed","template":"","meta":{"om_disable_all_campaigns":false,"_mi_skip_tracking":false},"aioseo_notices":[],"_links":{"self":[{"href":"https:\/\/www.harmonie-mediation-animale.fr\/index.php?rest_route=\/wp\/v2\/pages\/1789"}],"collection":[{"href":"https:\/\/www.harmonie-mediation-animale.fr\/index.php?rest_route=\/wp\/v2\/pages"}],"about":[{"href":"https:\/\/www.harmonie-mediation-animale.fr\/index.php?rest_route=\/wp\/v2\/types\/page"}],"author":[{"embeddable":true,"href":"https:\/\/www.harmonie-mediation-animale.fr\/index.php?rest_route=\/wp\/v2\/users\/1"}],"replies":[{"embeddable":true,"href":"https:\/\/www.harmonie-mediation-animale.fr\/index.php?rest_route=%2Fwp%2Fv2%2Fcomments&post=1789"}],"version-history":[{"count":19,"href":"https:\/\/www.harmonie-mediation-animale.fr\/index.php?rest_route=\/wp\/v2\/pages\/1789\/revisions"}],"predecessor-version":[{"id":2163,"href":"https:\/\/www.harmonie-mediation-animale.fr\/index.php?rest_route=\/wp\/v2\/pages\/1789\/revisions\/2163"}],"wp:attachment":[{"href":"https:\/\/www.harmonie-mediation-animale.fr\/index.php?rest_route=%2Fwp%2Fv2%2Fmedia&parent=1789"}],"curies":[{"name":"wp","href":"https:\/\/api.w.org\/{rel}","templated":true}]}}