{"id":1605,"date":"2022-11-19T16:58:52","date_gmt":"2022-11-19T16:58:52","guid":{"rendered":"https:\/\/harmonie-mediation-animale.fr\/?page_id=1605"},"modified":"2022-11-23T19:12:52","modified_gmt":"2022-11-23T19:12:52","slug":"nos-animaux","status":"publish","type":"page","link":"https:\/\/www.harmonie-mediation-animale.fr\/?page_id=1605","title":{"rendered":"Leur mission"},"content":{"rendered":"\t\t<div data-elementor-type=\"wp-page\" data-elementor-id=\"1605\" class=\"elementor elementor-1605\">\n\t\t\t\t\t\t\t\t\t<section class=\"elementor-section elementor-top-section elementor-element elementor-element-525b752c elementor-section-boxed elementor-section-height-default elementor-section-height-default\" data-id=\"525b752c\" data-element_type=\"section\">\n\t\t\t\t\t\t<div class=\"elementor-container elementor-column-gap-default\">\n\t\t\t\t\t<div class=\"elementor-column elementor-col-100 elementor-top-column elementor-element elementor-element-6f39d3b8\" data-id=\"6f39d3b8\" data-element_type=\"column\">\n\t\t\t<div class=\"elementor-widget-wrap elementor-element-populated\">\n\t\t\t\t\t\t\t\t<div class=\"elementor-element elementor-element-d06e389 elementor-widget elementor-widget-spacer\" data-id=\"d06e389\" data-element_type=\"widget\" data-widget_type=\"spacer.default\">\n\t\t\t\t<div class=\"elementor-widget-container\">\n\t\t\t<style>\/*! elementor - v3.8.1 - 13-11-2022 *\/\n.elementor-column .elementor-spacer-inner{height:var(--spacer-size)}.e-con{--container-widget-width:100%}.e-con-inner>.elementor-widget-spacer,.e-con>.elementor-widget-spacer{width:var(--container-widget-width,var(--spacer-size));-ms-flex-item-align:stretch;align-self:stretch;-ms-flex-negative:0;flex-shrink:0}.e-con-inner>.elementor-widget-spacer>.elementor-widget-container,.e-con-inner>.elementor-widget-spacer>.elementor-widget-container>.elementor-spacer,.e-con>.elementor-widget-spacer>.elementor-widget-container,.e-con>.elementor-widget-spacer>.elementor-widget-container>.elementor-spacer{height:100%}.e-con-inner>.elementor-widget-spacer>.elementor-widget-container>.elementor-spacer>.elementor-spacer-inner,.e-con>.elementor-widget-spacer>.elementor-widget-container>.elementor-spacer>.elementor-spacer-inner{height:var(--container-widget-height,var(--spacer-size))}<\/style>\t\t<div class=\"elementor-spacer\">\n\t\t\t<div class=\"elementor-spacer-inner\"><\/div>\n\t\t<\/div>\n\t\t\t\t<\/div>\n\t\t\t\t<\/div>\n\t\t\t\t<div class=\"elementor-element elementor-element-f12f835 elementor-widget elementor-widget-image\" data-id=\"f12f835\" data-element_type=\"widget\" data-widget_type=\"image.default\">\n\t\t\t\t<div class=\"elementor-widget-container\">\n\t\t\t<style>\/*! elementor - v3.8.1 - 13-11-2022 *\/\n.elementor-widget-image{text-align:center}.elementor-widget-image a{display:inline-block}.elementor-widget-image a img[src$=\".svg\"]{width:48px}.elementor-widget-image img{vertical-align:middle;display:inline-block}<\/style>\t\t\t\t\t\t\t\t\t\t\t\t<img decoding=\"async\" width=\"640\" height=\"383\" src=\"https:\/\/www.harmonie-mediation-animale.fr\/wp-content\/uploads\/2022\/11\/animaux-pour-la-mediation-animalejpg-768x459.jpg\" class=\"attachment-medium_large size-medium_large\" alt=\"\" loading=\"lazy\" srcset=\"https:\/\/www.harmonie-mediation-animale.fr\/wp-content\/uploads\/2022\/11\/animaux-pour-la-mediation-animalejpg-768x459.jpg 768w, https:\/\/www.harmonie-mediation-animale.fr\/wp-content\/uploads\/2022\/11\/animaux-pour-la-mediation-animalejpg-300x179.jpg 300w, https:\/\/www.harmonie-mediation-animale.fr\/wp-content\/uploads\/2022\/11\/animaux-pour-la-mediation-animalejpg-1024x612.jpg 1024w, https:\/\/www.harmonie-mediation-animale.fr\/wp-content\/uploads\/2022\/11\/animaux-pour-la-mediation-animalejpg-240x145.jpg 240w, https:\/\/www.harmonie-mediation-animale.fr\/wp-content\/uploads\/2022\/11\/animaux-pour-la-mediation-animalejpg.jpg 1386w\" sizes=\"(max-width: 640px) 100vw, 640px\" \/>\t\t\t\t\t\t\t\t\t\t\t\t\t\t\t<\/div>\n\t\t\t\t<\/div>\n\t\t\t\t<div class=\"elementor-element elementor-element-e9e7b4b elementor-widget elementor-widget-spacer\" data-id=\"e9e7b4b\" data-element_type=\"widget\" data-widget_type=\"spacer.default\">\n\t\t\t\t<div class=\"elementor-widget-container\">\n\t\t\t\t\t<div class=\"elementor-spacer\">\n\t\t\t<div class=\"elementor-spacer-inner\"><\/div>\n\t\t<\/div>\n\t\t\t\t<\/div>\n\t\t\t\t<\/div>\n\t\t\t\t<div class=\"elementor-element elementor-element-7bb9ccf3 elementor-widget elementor-widget-text-editor\" data-id=\"7bb9ccf3\" data-element_type=\"widget\" data-widget_type=\"text-editor.default\">\n\t\t\t\t<div class=\"elementor-widget-container\">\n\t\t\t<style>\/*! elementor - v3.8.1 - 13-11-2022 *\/\n.elementor-widget-text-editor.elementor-drop-cap-view-stacked .elementor-drop-cap{background-color:#818a91;color:#fff}.elementor-widget-text-editor.elementor-drop-cap-view-framed .elementor-drop-cap{color:#818a91;border:3px solid;background-color:transparent}.elementor-widget-text-editor:not(.elementor-drop-cap-view-default) .elementor-drop-cap{margin-top:8px}.elementor-widget-text-editor:not(.elementor-drop-cap-view-default) .elementor-drop-cap-letter{width:1em;height:1em}.elementor-widget-text-editor .elementor-drop-cap{float:left;text-align:center;line-height:1;font-size:50px}.elementor-widget-text-editor .elementor-drop-cap-letter{display:inline-block}<\/style>\t\t\t\t<!-- wp:paragraph -->\n<h4><strong><u>Quel r\u00f4le joue l\u2019animal dans la m\u00e9diation animale ?<\/u><\/strong><u><\/u><\/h4>\n<!-- \/wp:paragraph --><!-- wp:paragraph -->\n<p>L\u2019animal est dot\u00e9 d\u2019une intelligence qui lui est propre et qu\u2019il est possible d\u2019utiliser dans des programmes de zooth\u00e9rapie pour autant qu\u2019on l\u2019\u00e9duque de fa\u00e7on sp\u00e9cifique afin de permettre une rencontre et une complicit\u00e9 positives.<\/p>\n<!-- \/wp:paragraph --><!-- wp:paragraph -->\n<p>L\u2019animal n\u2019est pas le th\u00e9rapeute. Il n\u2019est pas dans une d\u00e9marche occupationnelle mais dans un processus professionnel de th\u00e9rapie. Des objectifs th\u00e9rapeutiques sont obligatoirement pos\u00e9s pour chaque patient.<\/p>\n<!-- \/wp:paragraph --><!-- wp:paragraph -->\n<p>L\u2019animal est pourvu d\u2019une force vitale instinctive qui lui permet d\u2019aller \u00e0 l\u2019essentiel en cas de survie.\u00a0<strong>Il \u00e9volue dans un monde sensoriel alors que l\u2019homme vit dans un monde o\u00f9 la parole autorise tous les subterfuges.<\/strong>\u00a0L\u2019animal ne connait pas les pr\u00e9jug\u00e9s auxquels l\u2019homme est constamment soumis. Le contact entre l\u2019\u00eatre humain et l\u2019animal provoque un sentiment de confiance, un stimulus. L\u2019animal devient rapidement le guide des \u00e9motions.<\/p>\n<!-- \/wp:paragraph --><!-- wp:paragraph -->\n<p>L\u2019animal auquel on consacre du temps, que l\u2019on soigne, vous reconnait comme un complice, un partenaire faisant partie de sa vie. Il se cr\u00e9\u00e9e des accointances, un dialogue qui s\u2019enrichit au fil des jours.<\/p>\n<!-- \/wp:paragraph --><!-- wp:paragraph -->\n<p>Il devient alors le confident, l\u2019oreille attentive et le stimulus. On veut lui confier ses secrets, ses humeurs, ses hauts et ses bas.<\/p>\n<!-- \/wp:paragraph -->\t\t\t\t\t\t<\/div>\n\t\t\t\t<\/div>\n\t\t\t\t\t<\/div>\n\t\t<\/div>\n\t\t\t\t\t\t\t<\/div>\n\t\t<\/section>\n\t\t\t\t<section class=\"elementor-section elementor-top-section elementor-element elementor-element-950edd2 elementor-section-boxed elementor-section-height-default elementor-section-height-default\" data-id=\"950edd2\" data-element_type=\"section\">\n\t\t\t\t\t\t<div class=\"elementor-container elementor-column-gap-default\">\n\t\t\t\t\t<div class=\"elementor-column elementor-col-100 elementor-top-column elementor-element elementor-element-39e54be\" data-id=\"39e54be\" data-element_type=\"column\">\n\t\t\t<div class=\"elementor-widget-wrap elementor-element-populated\">\n\t\t\t\t\t\t\t\t<div class=\"elementor-element elementor-element-d050a65 elementor-widget elementor-widget-spacer\" data-id=\"d050a65\" data-element_type=\"widget\" data-widget_type=\"spacer.default\">\n\t\t\t\t<div class=\"elementor-widget-container\">\n\t\t\t\t\t<div class=\"elementor-spacer\">\n\t\t\t<div class=\"elementor-spacer-inner\"><\/div>\n\t\t<\/div>\n\t\t\t\t<\/div>\n\t\t\t\t<\/div>\n\t\t\t\t\t<\/div>\n\t\t<\/div>\n\t\t\t\t\t\t\t<\/div>\n\t\t<\/section>\n\t\t\t\t<section class=\"elementor-section elementor-top-section elementor-element elementor-element-e5efd17 elementor-section-boxed elementor-section-height-default elementor-section-height-default\" data-id=\"e5efd17\" data-element_type=\"section\">\n\t\t\t\t\t\t<div class=\"elementor-container elementor-column-gap-default\">\n\t\t\t\t\t<div class=\"elementor-column elementor-col-100 elementor-top-column elementor-element elementor-element-bfa112d\" data-id=\"bfa112d\" data-element_type=\"column\">\n\t\t\t<div class=\"elementor-widget-wrap elementor-element-populated\">\n\t\t\t\t\t\t\t\t<div class=\"elementor-element elementor-element-8df6136 elementor-widget elementor-widget-image\" data-id=\"8df6136\" data-element_type=\"widget\" data-widget_type=\"image.default\">\n\t\t\t\t<div class=\"elementor-widget-container\">\n\t\t\t\t\t\t\t\t\t\t\t\t\t\t\t<img decoding=\"async\" width=\"300\" height=\"107\" src=\"https:\/\/www.harmonie-mediation-animale.fr\/wp-content\/uploads\/2022\/11\/ATTENTION-MEDIATION-ANIMALE-300x107.jpg\" class=\"attachment-medium size-medium\" alt=\"\" loading=\"lazy\" srcset=\"https:\/\/www.harmonie-mediation-animale.fr\/wp-content\/uploads\/2022\/11\/ATTENTION-MEDIATION-ANIMALE-300x107.jpg 300w, https:\/\/www.harmonie-mediation-animale.fr\/wp-content\/uploads\/2022\/11\/ATTENTION-MEDIATION-ANIMALE-1024x367.jpg 1024w, https:\/\/www.harmonie-mediation-animale.fr\/wp-content\/uploads\/2022\/11\/ATTENTION-MEDIATION-ANIMALE-768x275.jpg 768w, https:\/\/www.harmonie-mediation-animale.fr\/wp-content\/uploads\/2022\/11\/ATTENTION-MEDIATION-ANIMALE-1536x550.jpg 1536w, https:\/\/www.harmonie-mediation-animale.fr\/wp-content\/uploads\/2022\/11\/ATTENTION-MEDIATION-ANIMALE.jpg 1600w\" sizes=\"(max-width: 300px) 100vw, 300px\" \/>\t\t\t\t\t\t\t\t\t\t\t\t\t\t\t<\/div>\n\t\t\t\t<\/div>\n\t\t\t\t\t<\/div>\n\t\t<\/div>\n\t\t\t\t\t\t\t<\/div>\n\t\t<\/section>\n\t\t\t\t<section class=\"elementor-section elementor-top-section elementor-element elementor-element-4a52c8b elementor-section-boxed elementor-section-height-default elementor-section-height-default\" data-id=\"4a52c8b\" data-element_type=\"section\">\n\t\t\t\t\t\t<div class=\"elementor-container elementor-column-gap-default\">\n\t\t\t\t\t<div class=\"elementor-column elementor-col-100 elementor-top-column elementor-element elementor-element-b6d0f05\" data-id=\"b6d0f05\" data-element_type=\"column\">\n\t\t\t<div class=\"elementor-widget-wrap elementor-element-populated\">\n\t\t\t\t\t\t\t\t<div class=\"elementor-element elementor-element-23d8093 elementor-widget elementor-widget-spacer\" data-id=\"23d8093\" data-element_type=\"widget\" data-widget_type=\"spacer.default\">\n\t\t\t\t<div class=\"elementor-widget-container\">\n\t\t\t\t\t<div class=\"elementor-spacer\">\n\t\t\t<div class=\"elementor-spacer-inner\"><\/div>\n\t\t<\/div>\n\t\t\t\t<\/div>\n\t\t\t\t<\/div>\n\t\t\t\t\t<\/div>\n\t\t<\/div>\n\t\t\t\t\t\t\t<\/div>\n\t\t<\/section>\n\t\t\t\t<section class=\"elementor-section elementor-top-section elementor-element elementor-element-a5b79d5 elementor-section-boxed elementor-section-height-default elementor-section-height-default\" data-id=\"a5b79d5\" data-element_type=\"section\">\n\t\t\t\t\t\t<div class=\"elementor-container elementor-column-gap-default\">\n\t\t\t\t\t<div class=\"elementor-column elementor-col-100 elementor-top-column elementor-element elementor-element-179fbc4\" data-id=\"179fbc4\" data-element_type=\"column\">\n\t\t\t<div class=\"elementor-widget-wrap elementor-element-populated\">\n\t\t\t\t\t\t\t\t<div class=\"elementor-element elementor-element-6df0472 elementor-widget elementor-widget-text-editor\" data-id=\"6df0472\" data-element_type=\"widget\" data-widget_type=\"text-editor.default\">\n\t\t\t\t<div class=\"elementor-widget-container\">\n\t\t\t\t\t\t\t<p><strong>Bien entendu, m\u00eame si l\u2019animal est un \u00ab\u00a0outil th\u00e9rapeutique\u00a0\u00bb, la zooth\u00e9rapie implique une\u00a0pratique s\u00e9curitaire\u00a0et le\u00a0respect de l\u2019animal. Il est indispensable que chaque activit\u00e9 \u00e0 laquelle il participe dans ce cadre puisse contribuer \u00e0 son \u00e9panouissement et que sa collaboration soit totalement volontaire. En aucun cas l\u2019animal ne doit \u00eatre forc\u00e9. Les professionnels qui travaillent avec les animaux en zooth\u00e9rapie doivent imp\u00e9rativement poss\u00e9der une grande connaissance des diff\u00e9rentes esp\u00e8ces animales dont ils utilisent les services<\/strong><\/p>\t\t\t\t\t\t<\/div>\n\t\t\t\t<\/div>\n\t\t\t\t\t<\/div>\n\t\t<\/div>\n\t\t\t\t\t\t\t<\/div>\n\t\t<\/section>\n\t\t\t\t<section class=\"elementor-section elementor-top-section elementor-element elementor-element-ebe60ed elementor-section-boxed elementor-section-height-default elementor-section-height-default\" data-id=\"ebe60ed\" data-element_type=\"section\">\n\t\t\t\t\t\t<div class=\"elementor-container elementor-column-gap-default\">\n\t\t\t\t\t<div class=\"elementor-column elementor-col-100 elementor-top-column elementor-element elementor-element-4312124\" data-id=\"4312124\" data-element_type=\"column\">\n\t\t\t<div class=\"elementor-widget-wrap elementor-element-populated\">\n\t\t\t\t\t\t\t\t<div class=\"elementor-element elementor-element-d0a8bb0 elementor-widget elementor-widget-image\" data-id=\"d0a8bb0\" data-element_type=\"widget\" data-widget_type=\"image.default\">\n\t\t\t\t<div class=\"elementor-widget-container\">\n\t\t\t\t\t\t\t\t\t\t\t\t\t\t\t<img decoding=\"async\" width=\"300\" height=\"300\" src=\"https:\/\/www.harmonie-mediation-animale.fr\/wp-content\/uploads\/2022\/11\/chien-mediateur-1-300x300.png\" class=\"attachment-medium size-medium\" alt=\"\" loading=\"lazy\" srcset=\"https:\/\/www.harmonie-mediation-animale.fr\/wp-content\/uploads\/2022\/11\/chien-mediateur-1-300x300.png 300w, https:\/\/www.harmonie-mediation-animale.fr\/wp-content\/uploads\/2022\/11\/chien-mediateur-1-150x150.png 150w, https:\/\/www.harmonie-mediation-animale.fr\/wp-content\/uploads\/2022\/11\/chien-mediateur-1.png 600w\" sizes=\"(max-width: 300px) 100vw, 300px\" \/>\t\t\t\t\t\t\t\t\t\t\t\t\t\t\t<\/div>\n\t\t\t\t<\/div>\n\t\t\t\t\t<\/div>\n\t\t<\/div>\n\t\t\t\t\t\t\t<\/div>\n\t\t<\/section>\n\t\t\t\t\t\t\t<\/div>\n\t\t","protected":false},"excerpt":{"rendered":"<p>Quel r\u00f4le joue l\u2019animal dans la m\u00e9diation animale ? L\u2019animal est dot\u00e9 d\u2019une intelligence qui lui est propre et qu\u2019il est possible d\u2019utiliser dans des programmes de zooth\u00e9rapie pour autant qu\u2019on l\u2019\u00e9duque de fa\u00e7on sp\u00e9cifique afin de permettre une rencontre et une complicit\u00e9 positives. L\u2019animal n\u2019est pas le th\u00e9rapeute. Il n\u2019est pas dans une d\u00e9marche [&hellip;]<\/p>\n","protected":false},"author":1,"featured_media":0,"parent":0,"menu_order":0,"comment_status":"closed","ping_status":"closed","template":"","meta":{"om_disable_all_campaigns":false,"_mi_skip_tracking":false},"aioseo_notices":[],"_links":{"self":[{"href":"https:\/\/www.harmonie-mediation-animale.fr\/index.php?rest_route=\/wp\/v2\/pages\/1605"}],"collection":[{"href":"https:\/\/www.harmonie-mediation-animale.fr\/index.php?rest_route=\/wp\/v2\/pages"}],"about":[{"href":"https:\/\/www.harmonie-mediation-animale.fr\/index.php?rest_route=\/wp\/v2\/types\/page"}],"author":[{"embeddable":true,"href":"https:\/\/www.harmonie-mediation-animale.fr\/index.php?rest_route=\/wp\/v2\/users\/1"}],"replies":[{"embeddable":true,"href":"https:\/\/www.harmonie-mediation-animale.fr\/index.php?rest_route=%2Fwp%2Fv2%2Fcomments&post=1605"}],"version-history":[{"count":22,"href":"https:\/\/www.harmonie-mediation-animale.fr\/index.php?rest_route=\/wp\/v2\/pages\/1605\/revisions"}],"predecessor-version":[{"id":1968,"href":"https:\/\/www.harmonie-mediation-animale.fr\/index.php?rest_route=\/wp\/v2\/pages\/1605\/revisions\/1968"}],"wp:attachment":[{"href":"https:\/\/www.harmonie-mediation-animale.fr\/index.php?rest_route=%2Fwp%2Fv2%2Fmedia&parent=1605"}],"curies":[{"name":"wp","href":"https:\/\/api.w.org\/{rel}","templated":true}]}}